{"id":73,"date":"2025-06-26T17:55:10","date_gmt":"2025-06-26T17:55:10","guid":{"rendered":"https:\/\/vilama.com.ar\/web\/?post_type=product&#038;p=73"},"modified":"2025-07-01T21:07:20","modified_gmt":"2025-07-02T00:07:20","slug":"cascada-pajchela-cusi-cusi-valle-de-la-luna","status":"publish","type":"product","link":"https:\/\/vilama.com.ar\/web\/producto\/cascada-pajchela-cusi-cusi-valle-de-la-luna\/","title":{"rendered":"Cascada Pajchela Cusi Cusi"},"content":{"rendered":"<p>Cusi Cusi se presenta como uno de esos rincones ocultos en Jujuy que contin\u00faa fascinando a aquellos que buscan unas escapadas tranquilas para disfrutar.<br \/>\nSe encuentra congelada en los meses de invierno. A partir de setiembre empieza a descongelarse. Es bastante alta, de una impresionante e imponente belleza particular.<\/p>\n<p>A tan solo nueve kil\u00f3metros del pueblo, se encuentra otro de los encantos de la zona: la Cascada de Pajchela. Con una altura de 30 metros, esta imponente ca\u00edda de agua se presenta como un refugio de frescor en la \u00e1rida puna juje\u00f1a. En invierno, el agua se congela, creando una imagen singular que solo algunos afortunados pueden admirar.<\/p>\n<p>Gracias a su proximidad al c\u00e9lebre Valle de la Luna y una majestuosa cascada, se presenta como una opci\u00f3n perfecta para vivir vivencias genuinas en el coraz\u00f3n de la puna de Jujuy.<\/p>\n<p><strong>LO QUE INCLUYE LA EXCURSION<\/strong><br \/>\n* Transporte en combi o camioneta Privado.<br \/>\n* Botiqu\u00edn de primeros auxilios.<br \/>\n* Gu\u00eda de la zona &#8211; Chofer<br \/>\n* Refrigerios<br \/>\n* Desayuno en Abra Pampa<br \/>\n* Seguro de Viajero.<\/p>\n","protected":false},"excerpt":{"rendered":"<p>Cusi Cusi se presenta como uno de esos rincones ocultos en Jujuy que contin\u00faa fascinando a aquellos que buscan unas escapadas tranquilas para disfrutar. Se encuentra congelada en los meses de invierno. A partir de setiembre empieza a descongelarse. Es bastante alta, de una impresionante e imponente belleza particular. A tan solo nueve kil\u00f3metros del [&hellip;]<\/p>\n","protected":false},"featured_media":180,"comment_status":"open","ping_status":"closed","template":"","meta":{"_et_pb_use_builder":"","_et_pb_old_content":"","_et_gb_content_width":""},"product_brand":[],"product_cat":[21],"product_tag":[],"class_list":{"0":"post-73","1":"product","2":"type-product","3":"status-publish","4":"has-post-thumbnail","6":"product_cat-excursiones","8":"first","9":"instock","10":"shipping-taxable","11":"product-type-simple"},"acf":[],"_links":{"self":[{"href":"https:\/\/vilama.com.ar\/web\/wp-json\/wp\/v2\/product\/73","targetHints":{"allow":["GET"]}}],"collection":[{"href":"https:\/\/vilama.com.ar\/web\/wp-json\/wp\/v2\/product"}],"about":[{"href":"https:\/\/vilama.com.ar\/web\/wp-json\/wp\/v2\/types\/product"}],"replies":[{"embeddable":true,"href":"https:\/\/vilama.com.ar\/web\/wp-json\/wp\/v2\/comments?post=73"}],"wp:featuredmedia":[{"embeddable":true,"href":"https:\/\/vilama.com.ar\/web\/wp-json\/wp\/v2\/media\/180"}],"wp:attachment":[{"href":"https:\/\/vilama.com.ar\/web\/wp-json\/wp\/v2\/media?parent=73"}],"wp:term":[{"taxonomy":"product_brand","embeddable":true,"href":"https:\/\/vilama.com.ar\/web\/wp-json\/wp\/v2\/product_brand?post=73"},{"taxonomy":"product_cat","embeddable":true,"href":"https:\/\/vilama.com.ar\/web\/wp-json\/wp\/v2\/product_cat?post=73"},{"taxonomy":"product_tag","embeddable":true,"href":"https:\/\/vilama.com.ar\/web\/wp-json\/wp\/v2\/product_tag?post=73"}],"curies":[{"name":"wp","href":"https:\/\/api.w.org\/{rel}","templated":true}]}}