{"id":63,"date":"2025-06-26T17:31:00","date_gmt":"2025-06-26T17:31:00","guid":{"rendered":"https:\/\/vilama.com.ar\/web\/?post_type=product&#038;p=63"},"modified":"2025-07-01T21:21:41","modified_gmt":"2025-07-02T00:21:41","slug":"huancar-sanboard","status":"publish","type":"product","link":"https:\/\/vilama.com.ar\/web\/producto\/huancar-sanboard\/","title":{"rendered":"Huancar Sanboard"},"content":{"rendered":"<p>A 5 km al sur de Abra Pampa te espera una duna inmensa llama El cerro del HUANCAR, su altura m\u00e1xima es de cuatrocientos msnm. caminar por sus senderos a m\u00e1s de 3.000 metros sobre el nivel del mar es una experiencia \u00fanica que permite disfrutar de la tranquilidad de la Puna y vistas panor\u00e1micas incomparables. Las dunas ofrecen un desaf\u00edo f\u00edsico, pero la recompensa es una conexi\u00f3n especial con la naturaleza desconectarse del mundo y redescubrir la aventura.<\/p>\n<p>Ya sea para deslizarte por sus dunas con una tabla de sandboard, recorrer sus senderos en un trekking de altura o simplemente disfrutar del silencio de la Puna, el Cerro Huancar te espera con su magia intacta. Una experiencia que quedar\u00e1 grabada en la memoria de quienes se atrevan a descubrirla.<\/p>\n<p><strong>LO QUE INCLUYE LA EXCURSI\u00d3N<\/strong><br \/>\n* Transporte en combi o camioneta Privado.<br \/>\n* Botiqu\u00edn de primeros auxilios.<br \/>\n* Gu\u00eda de la zona<br \/>\n* Refrigerios<br \/>\n* Almuerzo en Abra Pampa.<br \/>\n* Seguro de Viajero.<\/p>\n","protected":false},"excerpt":{"rendered":"<p>A 5 km al sur de Abra Pampa te espera una duna inmensa llama El cerro del HUANCAR, su altura m\u00e1xima es de cuatrocientos msnm. caminar por sus senderos a m\u00e1s de 3.000 metros sobre el nivel del mar es una experiencia \u00fanica que permite disfrutar de la tranquilidad de la Puna y vistas panor\u00e1micas [&hellip;]<\/p>\n","protected":false},"featured_media":197,"comment_status":"open","ping_status":"closed","template":"","meta":{"_et_pb_use_builder":"","_et_pb_old_content":"","_et_gb_content_width":""},"product_brand":[],"product_cat":[21],"product_tag":[],"class_list":{"0":"post-63","1":"product","2":"type-product","3":"status-publish","4":"has-post-thumbnail","6":"product_cat-excursiones","8":"first","9":"instock","10":"shipping-taxable","11":"product-type-simple"},"acf":[],"_links":{"self":[{"href":"https:\/\/vilama.com.ar\/web\/wp-json\/wp\/v2\/product\/63","targetHints":{"allow":["GET"]}}],"collection":[{"href":"https:\/\/vilama.com.ar\/web\/wp-json\/wp\/v2\/product"}],"about":[{"href":"https:\/\/vilama.com.ar\/web\/wp-json\/wp\/v2\/types\/product"}],"replies":[{"embeddable":true,"href":"https:\/\/vilama.com.ar\/web\/wp-json\/wp\/v2\/comments?post=63"}],"wp:featuredmedia":[{"embeddable":true,"href":"https:\/\/vilama.com.ar\/web\/wp-json\/wp\/v2\/media\/197"}],"wp:attachment":[{"href":"https:\/\/vilama.com.ar\/web\/wp-json\/wp\/v2\/media?parent=63"}],"wp:term":[{"taxonomy":"product_brand","embeddable":true,"href":"https:\/\/vilama.com.ar\/web\/wp-json\/wp\/v2\/product_brand?post=63"},{"taxonomy":"product_cat","embeddable":true,"href":"https:\/\/vilama.com.ar\/web\/wp-json\/wp\/v2\/product_cat?post=63"},{"taxonomy":"product_tag","embeddable":true,"href":"https:\/\/vilama.com.ar\/web\/wp-json\/wp\/v2\/product_tag?post=63"}],"curies":[{"name":"wp","href":"https:\/\/api.w.org\/{rel}","templated":true}]}}