{"id":2899,"date":"2025-06-27T16:13:55","date_gmt":"2025-06-27T16:13:55","guid":{"rendered":"https:\/\/vilama.com.ar\/web\/?page_id=2899"},"modified":"2025-06-27T18:38:12","modified_gmt":"2025-06-27T18:38:12","slug":"alojamiento","status":"publish","type":"page","link":"https:\/\/vilama.com.ar\/web\/alojamiento\/","title":{"rendered":"Alojamiento"},"content":{"rendered":"<p>[et_pb_section fb_built=\u00bb1&#8243; fullwidth=\u00bbon\u00bb _builder_version=\u00bb4.27.4&#8243; _module_preset=\u00bbdefault\u00bb locked=\u00bboff\u00bb global_colors_info=\u00bb{}\u00bb][et_pb_fullwidth_header title=\u00bb@ET-DC@eyJkeW5hbWljIjp0cnVlLCJjb250ZW50IjoicG9zdF90aXRsZSIsInNldHRpbmdzIjp7ImJlZm9yZSI6IiIsImFmdGVyIjoiIn19@\u00bb _builder_version=\u00bb4.27.4&#8243; _dynamic_attributes=\u00bbtitle\u00bb _module_preset=\u00bbdefault\u00bb title_level=\u00bbh2&#8243; title_font=\u00bb|600|||||||\u00bb title_text_color=\u00bb#FFFFFF\u00bb title_font_size=\u00bb40px\u00bb title_line_height=\u00bb1.4em\u00bb background_enable_color=\u00bboff\u00bb background_image=\u00bbhttps:\/\/vilama.com.ar\/web\/wp-content\/uploads\/2025\/06\/alojamiento-en-abra-pampa.jpg\u00bb background_layout=\u00bblight\u00bb custom_padding=\u00bb8%||8%||true|false\u00bb hover_enabled=\u00bb0&#8243; title_font_size_tablet=\u00bb36px\u00bb title_font_size_phone=\u00bb30px\u00bb title_font_size_last_edited=\u00bbon|phone\u00bb title_text_shadow_style=\u00bbpreset2&#8243; global_colors_info=\u00bb{}\u00bb title_text=\u00bbProcessed with VSCO with m5 preset\u00bb sticky_enabled=\u00bb0&#8243;][\/et_pb_fullwidth_header][\/et_pb_section][et_pb_section fb_built=\u00bb1&#8243; specialty=\u00bbon\u00bb custom_padding_last_edited=\u00bbon|phone\u00bb module_id=\u00bbmision\u00bb _builder_version=\u00bb4.27.4&#8243; _module_preset=\u00bbdefault\u00bb background_color=\u00bb#f0f0f1&#8243; custom_margin=\u00bb||41px|||\u00bb custom_padding=\u00bb60px||60px||true|false\u00bb custom_padding_tablet=\u00bb0px||0px||true|false\u00bb custom_padding_phone=\u00bb0px||0px||true|false\u00bb locked=\u00bboff\u00bb global_colors_info=\u00bb{}\u00bb][et_pb_column type=\u00bb1_2&#8243; _builder_version=\u00bb4.16&#8243; custom_padding=\u00bb|||\u00bb global_colors_info=\u00bb{}\u00bb custom_padding__hover=\u00bb|||\u00bb][dipl_floating_image floating_container_height=\u00bb500px\u00bb _builder_version=\u00bb4.27.4&#8243; _module_preset=\u00bbdefault\u00bb global_colors_info=\u00bb{}\u00bb][dipl_floating_image_item image=\u00bbhttps:\/\/vilama.com.ar\/web\/wp-content\/uploads\/2025\/06\/nosotros-vilama.jpg\u00bb horizontal_align=\u00bb-27%\u00bb _builder_version=\u00bb4.27.4&#8243; _module_preset=\u00bbdefault\u00bb width=\u00bb100%\u00bb global_colors_info=\u00bb{}\u00bb][\/dipl_floating_image_item][dipl_floating_image_item image=\u00bbhttps:\/\/vilama.com.ar\/web\/wp-content\/uploads\/2025\/06\/vilama-transfer.jpg\u00bb horizontal_align=\u00bb45%\u00bb vertical_align=\u00bb20%\u00bb horizontal_align_tablet=\u00bb45%\u00bb horizontal_align_phone=\u00bb20%\u00bb horizontal_align_last_edited=\u00bbon|phone\u00bb vertical_align_tablet=\u00bb20%\u00bb vertical_align_phone=\u00bb20%\u00bb vertical_align_last_edited=\u00bbon|phone\u00bb _builder_version=\u00bb4.27.4&#8243; _module_preset=\u00bbdefault\u00bb border_width_all=\u00bb11px\u00bb border_color_all=\u00bb#FFFFFF\u00bb global_colors_info=\u00bb{}\u00bb][\/dipl_floating_image_item][\/dipl_floating_image][et_pb_text _builder_version=\u00bb4.27.4&#8243; _module_preset=\u00bbdefault\u00bb text_text_color=\u00bb#474747&#8243; text_font_size=\u00bb20px\u00bb header_3_font=\u00bb|800|||||||\u00bb header_3_text_color=\u00bb#e45439&#8243; header_3_font_size=\u00bb100px\u00bb header_3_line_height=\u00bb1.3em\u00bb positioning=\u00bbrelative\u00bb position_origin_a=\u00bbbottom_left\u00bb vertical_offset=\u00bb-40px\u00bb width=\u00bb100%\u00bb header_3_font_size_tablet=\u00bb80px\u00bb header_3_font_size_phone=\u00bb60px\u00bb header_3_font_size_last_edited=\u00bbon|phone\u00bb global_colors_info=\u00bb{}\u00bb]<\/p>\n<h3>10+<\/h3>\n<p>A\u00f1os de experiencia[\/et_pb_text][\/et_pb_column][et_pb_column type=\u00bb1_2&#8243; specialty_columns=\u00bb2&#8243; _builder_version=\u00bb4.16&#8243; custom_padding=\u00bb|||\u00bb global_colors_info=\u00bb{}\u00bb custom_padding__hover=\u00bb|||\u00bb][et_pb_row_inner custom_padding_last_edited=\u00bbon|phone\u00bb _builder_version=\u00bb4.23.1&#8243; _module_preset=\u00bbdefault\u00bb custom_padding_tablet=\u00bb0px||||false|false\u00bb custom_padding_phone=\u00bb0px||||false|false\u00bb global_colors_info=\u00bb{}\u00bb][et_pb_column_inner saved_specialty_column_type=\u00bb1_2&#8243; _builder_version=\u00bb4.23.1&#8243; _module_preset=\u00bbdefault\u00bb global_colors_info=\u00bb{}\u00bb][dipl_separator use_with=\u00bbtext\u00bb seprator_thickness=\u00bb1px\u00bb separator_color=\u00bb#001b47&#8243; _builder_version=\u00bb4.27.4&#8243; _module_preset=\u00bbdefault\u00bb body_text_color=\u00bb#001b47&#8243; width=\u00bb35%\u00bb width_tablet=\u00bb40%\u00bb width_phone=\u00bb70%\u00bb width_last_edited=\u00bbon|tablet\u00bb custom_margin=\u00bb||10px||false|false\u00bb global_colors_info=\u00bb{}\u00bb]VILAMA TRAVEL[\/dipl_separator][dipl_double_color_heading heading_pre_part=\u00bbAlojamiento\u00bb _builder_version=\u00bb4.27.4&#8243; _module_preset=\u00bbdefault\u00bb global_heading_settings_text_align=\u00bbleft\u00bb pre_header_text_color=\u00bb#e45439&#8243; pre_header_font_size=\u00bb46px\u00bb main_header_font=\u00bb|700|||||||\u00bb main_header_text_align=\u00bbcenter\u00bb main_header_text_color=\u00bb#20bad1&#8243; main_header_font_size=\u00bb46px\u00bb custom_margin=\u00bb||10px||false|false\u00bb pre_header_font_size_tablet=\u00bb40px\u00bb pre_header_font_size_phone=\u00bb32px\u00bb pre_header_font_size_last_edited=\u00bbon|tablet\u00bb main_header_font_size_tablet=\u00bb40px\u00bb main_header_font_size_phone=\u00bb32px\u00bb main_header_font_size_last_edited=\u00bbon|desktop\u00bb locked=\u00bboff\u00bb global_colors_info=\u00bb{}\u00bb][\/dipl_double_color_heading][et_pb_text _builder_version=\u00bb4.27.4&#8243; _module_preset=\u00bbdefault\u00bb header_3_text_color=\u00bb#E02B20&#8243; header_4_text_color=\u00bb#E02B20&#8243; global_colors_info=\u00bb{}\u00bb]<\/p>\n<p>Deseamos que nuestros hu\u00e9spedes puedan disfrutar de una placentera estad\u00eda, relajarse y conectar, disfrutar del calendario cultural y espiritual todo el a\u00f1o en nuestra PUNA. Nuestro prop\u00f3sito es brindar un ambiente de privacidad, comodidad y seguridad para todos nuestros visitantes.<\/p>\n<p>Disponemos de un departamento con cocina equipada y heladera, ba\u00f1o completo, habitaci\u00f3n matrimonial y una individual, el living donde se configuran dos camas extras con el sill\u00f3n cama.<\/p>\n<p>Un total de 5 hu\u00e9spedes. Adem\u00e1s contamos con estacionamiento privado y WIFI.<\/p>\n<h2>Pautas del Lugar<\/h2>\n<p>Al momento de reservar es indispensable dejar un celular de contacto para poder estar comunicado con los hu\u00e9spedes en el transcurso del viaje.<\/p>\n<p>Nuestro horario de check in es 14:30hs y check out 10:30\/11hs. La caba\u00f1a tiene cocina completa y les dejamos, caf\u00e9, te, y az\u00facar. El recambio de s\u00e1banas y toallas es a pedido.<\/p>\n<p>&nbsp;<\/p>\n<h4>Para reservas escribinos a Whatsapp<\/h4>\n<p>[\/et_pb_text][\/et_pb_column_inner][\/et_pb_row_inner][\/et_pb_column][\/et_pb_section][et_pb_section fb_built=\u00bb1&#8243; _builder_version=\u00bb4.23.1&#8243; _module_preset=\u00bbdefault\u00bb custom_padding=\u00bb0px||||false|false\u00bb locked=\u00bboff\u00bb global_colors_info=\u00bb{}\u00bb][et_pb_row _builder_version=\u00bb4.23.1&#8243; _module_preset=\u00bbdefault\u00bb custom_margin=\u00bb46px|auto||auto||\u00bb custom_padding=\u00bb0px||||false|false\u00bb global_colors_info=\u00bb{}\u00bb][et_pb_column type=\u00bb4_4&#8243; _builder_version=\u00bb4.23.1&#8243; _module_preset=\u00bbdefault\u00bb global_colors_info=\u00bb{}\u00bb][dipl_double_color_heading heading_pre_part=\u00bbServicios\u00bb _builder_version=\u00bb4.27.4&#8243; _module_preset=\u00bbdefault\u00bb global_heading_settings_text_align=\u00bbcenter\u00bb pre_header_text_color=\u00bb#000000&#8243; pre_header_font_size=\u00bb46px\u00bb main_header_font=\u00bb|700|||||||\u00bb main_header_text_align=\u00bbcenter\u00bb main_header_text_color=\u00bb#20bad1&#8243; main_header_font_size=\u00bb46px\u00bb custom_margin=\u00bb||10px||false|false\u00bb pre_header_font_size_tablet=\u00bb40px\u00bb pre_header_font_size_phone=\u00bb32px\u00bb pre_header_font_size_last_edited=\u00bbon|tablet\u00bb main_header_font_size_tablet=\u00bb40px\u00bb main_header_font_size_phone=\u00bb32px\u00bb main_header_font_size_last_edited=\u00bbon|desktop\u00bb locked=\u00bboff\u00bb global_colors_info=\u00bb{}\u00bb][\/dipl_double_color_heading][\/et_pb_column][\/et_pb_row][et_pb_row column_structure=\u00bb1_4,1_4,1_4,1_4&#8243; use_custom_gutter=\u00bbon\u00bb make_equal=\u00bbon\u00bb _builder_version=\u00bb4.27.4&#8243; _module_preset=\u00bbdefault\u00bb width=\u00bb90%\u00bb custom_css_main_element=\u00bbdisplay: flex;||flex-wrap: wrap;||align-items: center;\u00bb global_colors_info=\u00bb{}\u00bb][et_pb_column type=\u00bb1_4&#8243; _builder_version=\u00bb4.23.1&#8243; _module_preset=\u00bbdefault\u00bb global_colors_info=\u00bb{}\u00bb][dipl_flipbox front_title=\u00bbExcursiones a medida \u00bb front_use_icon=\u00bbon\u00bb front_font_icon=\u00bb&#xf4d7;||fa||900&#8243; back_use_icon=\u00bbon\u00bb back_font_icon=\u00bb&#xf4d7;||fa||900&#8243; front_background_color=\u00bb#e25539&#8243; back_background_color=\u00bb#8f1402&#8243; front_icon_color=\u00bb#FFFFFF\u00bb front_use_icon_font_size=\u00bbon\u00bb front_icon_font_size=\u00bb40px\u00bb back_icon_color=\u00bb#FFFFFF\u00bb back_use_icon_font_size=\u00bbon\u00bb back_icon_font_size=\u00bb40px\u00bb _builder_version=\u00bb4.27.4&#8243; _module_preset=\u00bbdefault\u00bb front_header_text_color=\u00bb#FFFFFF\u00bb front_header_font_size=\u00bb24px\u00bb back_body_text_color=\u00bb#FFFFFF\u00bb back_body_font_size=\u00bb18px\u00bb front_header_font_size_tablet=\u00bb22px\u00bb front_header_font_size_phone=\u00bb20px\u00bb front_header_font_size_last_edited=\u00bbon|phone\u00bb border_radii_front_box=\u00bbon|20px|20px|20px|20px\u00bb border_radii_back_box=\u00bbon|20px|20px|20px|20px\u00bb global_colors_info=\u00bb{}\u00bb]Desde el itinerario hasta el tipo de comida o gu\u00eda, todo se adapta a tus gustos.[\/dipl_flipbox][\/et_pb_column][et_pb_column type=\u00bb1_4&#8243; _builder_version=\u00bb4.23.1&#8243; _module_preset=\u00bbdefault\u00bb global_colors_info=\u00bb{}\u00bb][dipl_flipbox front_title=\u00bbServicios de Transfer \u00bb front_use_icon=\u00bbon\u00bb front_font_icon=\u00bb&#xf207;||fa||900&#8243; back_use_icon=\u00bbon\u00bb back_font_icon=\u00bb&#xf207;||fa||900&#8243; front_background_color=\u00bb#e25539&#8243; back_background_color=\u00bb#8f1402&#8243; front_icon_color=\u00bb#FFFFFF\u00bb front_use_icon_font_size=\u00bbon\u00bb front_icon_font_size=\u00bb40px\u00bb back_icon_color=\u00bb#FFFFFF\u00bb back_use_icon_font_size=\u00bbon\u00bb back_icon_font_size=\u00bb40px\u00bb _builder_version=\u00bb4.27.4&#8243; _module_preset=\u00bbdefault\u00bb front_header_text_color=\u00bb#FFFFFF\u00bb front_header_font_size=\u00bb24px\u00bb back_body_text_color=\u00bb#FFFFFF\u00bb back_body_font_size=\u00bb18px\u00bb front_header_font_size_tablet=\u00bb22px\u00bb front_header_font_size_phone=\u00bb20px\u00bb front_header_font_size_last_edited=\u00bbon|phone\u00bb border_radii_front_box=\u00bbon|20px|20px|20px|20px\u00bb border_radii_back_box=\u00bbon|20px|20px|20px|20px\u00bb global_colors_info=\u00bb{}\u00bb]Servicios de Transfer en aeropuertos a distintos puntos del pa\u00eds.[\/dipl_flipbox][\/et_pb_column][et_pb_column type=\u00bb1_4&#8243; _builder_version=\u00bb4.23.1&#8243; _module_preset=\u00bbdefault\u00bb global_colors_info=\u00bb{}\u00bb][dipl_flipbox front_title=\u00bbExcursiones Grupales\u00bb front_use_icon=\u00bbon\u00bb front_font_icon=\u00bb&#xf0c0;||fa||900&#8243; back_use_icon=\u00bbon\u00bb back_font_icon=\u00bb&#xf0c0;||fa||900&#8243; front_background_color=\u00bb#e25539&#8243; back_background_color=\u00bb#8f1402&#8243; front_icon_color=\u00bb#FFFFFF\u00bb front_use_icon_font_size=\u00bbon\u00bb front_icon_font_size=\u00bb40px\u00bb back_icon_color=\u00bb#FFFFFF\u00bb back_use_icon_font_size=\u00bbon\u00bb back_icon_font_size=\u00bb40px\u00bb _builder_version=\u00bb4.27.4&#8243; _module_preset=\u00bbdefault\u00bb front_header_text_color=\u00bb#FFFFFF\u00bb front_header_font_size=\u00bb24px\u00bb back_body_text_color=\u00bb#FFFFFF\u00bb back_body_font_size=\u00bb18px\u00bb front_header_font_size_tablet=\u00bb22px\u00bb front_header_font_size_phone=\u00bb20px\u00bb front_header_font_size_last_edited=\u00bbon|phone\u00bb border_radii_front_box=\u00bbon|20px|20px|20px|20px\u00bb border_radii_back_box=\u00bbon|20px|20px|20px|20px\u00bb global_colors_info=\u00bb{}\u00bb]Delegaciones y viajes especiales a precios promocionales.[\/dipl_flipbox][\/et_pb_column][et_pb_column type=\u00bb1_4&#8243; _builder_version=\u00bb4.23.1&#8243; _module_preset=\u00bbdefault\u00bb global_colors_info=\u00bb{}\u00bb][dipl_flipbox front_title=\u00bbTraslado Empresarial\u00bb front_use_icon=\u00bbon\u00bb front_font_icon=\u00bb&#xf508;||fa||900&#8243; back_use_icon=\u00bbon\u00bb back_font_icon=\u00bb&#xf0f2;||fa||900&#8243; front_background_color=\u00bb#e25539&#8243; back_background_color=\u00bb#8f1402&#8243; front_icon_color=\u00bb#FFFFFF\u00bb front_use_icon_font_size=\u00bbon\u00bb front_icon_font_size=\u00bb40px\u00bb back_icon_color=\u00bb#FFFFFF\u00bb back_use_icon_font_size=\u00bbon\u00bb back_icon_font_size=\u00bb40px\u00bb _builder_version=\u00bb4.27.4&#8243; _module_preset=\u00bbdefault\u00bb front_header_text_color=\u00bb#FFFFFF\u00bb front_header_font_size=\u00bb24px\u00bb back_body_text_color=\u00bb#FFFFFF\u00bb back_body_font_size=\u00bb18px\u00bb front_header_font_size_tablet=\u00bb22px\u00bb front_header_font_size_phone=\u00bb20px\u00bb front_header_font_size_last_edited=\u00bbon|phone\u00bb border_radii_front_box=\u00bbon|20px|20px|20px|20px\u00bb border_radii_back_box=\u00bbon|20px|20px|20px|20px\u00bb global_colors_info=\u00bb{}\u00bb]Traslados ejecutivos con puntualidad y comodidad para tu  Empresa.[\/dipl_flipbox][\/et_pb_column][\/et_pb_row][\/et_pb_section]<\/p>\n","protected":false},"excerpt":{"rendered":"<p><div class=\"et_pb_module dipl_floating_image dipl_floating_image_0\">\n\t\t\t\t\n\t\t\t\t\n\t\t\t\t\n\t\t\t\t\n\t\t\t\t\n\t\t\t\t\n\t\t\t\t<div class=\"et_pb_module_inner\">\n\t\t\t\t\t<div class=\"dipl_floating_images_wrapper\"><div class=\"et_pb_module dipl_floating_image_item dipl_floating_image_item_0\">\n\t\t\t\t\n\t\t\t\t\n\t\t\t\t\n\t\t\t\t\n\t\t\t\t\n\t\t\t\t\n\t\t\t\t<div class=\"et_pb_module_inner\">\n\t\t\t\t\t<img decoding=\"async\" src=\"https:\/\/vilama.com.ar\/web\/wp-content\/uploads\/2025\/06\/nosotros-vilama.jpg\" alt=\"\" srcset=\"https:\/\/vilama.com.ar\/web\/wp-content\/uploads\/2025\/06\/nosotros-vilama.jpg 980w, https:\/\/vilama.com.ar\/web\/wp-content\/uploads\/2025\/06\/nosotros-vilama-480x356.jpg 480w\" sizes=\"(min-width: 0px) and (max-width: 480px) 480px, (min-width: 481px) 980px, 100vw\" \/>\n\t\t\t\t<\/div>\n\t\t\t<\/div><div class=\"et_pb_with_border et_pb_module dipl_floating_image_item dipl_floating_image_item_1\">\n\t\t\t\t\n\t\t\t\t\n\t\t\t\t\n\t\t\t\t\n\t\t\t\t\n\t\t\t\t\n\t\t\t\t<div class=\"et_pb_module_inner\">\n\t\t\t\t\t<img decoding=\"async\" src=\"https:\/\/vilama.com.ar\/web\/wp-content\/uploads\/2025\/06\/vilama-transfer.jpg\" alt=\"\" srcset=\"https:\/\/vilama.com.ar\/web\/wp-content\/uploads\/2025\/06\/vilama-transfer.jpg 400w, https:\/\/vilama.com.ar\/web\/wp-content\/uploads\/2025\/06\/vilama-transfer-200x300.jpg 200w\" sizes=\"(max-width: 400px) 100vw, 400px\" \/>\n\t\t\t\t<\/div>\n\t\t\t<\/div><\/div>\n\t\t\t\t<\/div>\n\t\t\t<\/div>10+ A\u00f1os de experiencia<div class=\"et_pb_module dipl_separator dipl_separator_0\">\n\t\t\t\t\n\t\t\t\t\n\t\t\t\t\n\t\t\t\t\n\t\t\t\t\n\t\t\t\t\n\t\t\t\t<div class=\"et_pb_module_inner\">\n\t\t\t\t\t<div class=\"dipl_separator_container align_left\">\n\t\t\t\t\t\t\t\t\t<div class=\"dipl_line dipl_line_before\"><\/div>\n\t\t\t\t\t\t\t\t\t\t<div class=\"dipl-text-wrapper\">VILAMA TRAVEL<\/div>\n\t\t\t\t\t\t\t\t\t\t\n\t\t\t\t\t\t\t\t\t\t\n\t\t\t\t\t\t\t\t\t<div class=\"dipl_line dipl_line_after\"><\/div>\n\t\t\t\t\t\t\t\t<\/div>\n\t\t\t\t<\/div>\n\t\t\t<\/div><div class=\"et_pb_module dipl_double_color_heading dipl_double_color_heading_0 \">\n\t\t\t\t\n\t\t\t\t\n\t\t\t\t\n\t\t\t\t\n\t\t\t\t\n\t\t\t\t\n\t\t\t\t<div class=\"et_pb_module_inner\">\n\t\t\t\t\t<div class=\"dipl_text_wrapper\"><h2><span class=\"dipl_pre_text\">\u00bbAlojamiento\u00bb<\/span><\/h2><\/div>\n\t\t\t\t<\/div>\n\t\t\t<\/div><\/p>\n","protected":false},"author":2,"featured_media":0,"parent":0,"menu_order":0,"comment_status":"closed","ping_status":"closed","template":"","meta":{"_et_pb_use_builder":"on","_et_pb_old_content":"","_et_gb_content_width":"","footnotes":""},"class_list":["post-2899","page","type-page","status-publish","hentry"],"acf":[],"_links":{"self":[{"href":"https:\/\/vilama.com.ar\/web\/wp-json\/wp\/v2\/pages\/2899","targetHints":{"allow":["GET"]}}],"collection":[{"href":"https:\/\/vilama.com.ar\/web\/wp-json\/wp\/v2\/pages"}],"about":[{"href":"https:\/\/vilama.com.ar\/web\/wp-json\/wp\/v2\/types\/page"}],"author":[{"embeddable":true,"href":"https:\/\/vilama.com.ar\/web\/wp-json\/wp\/v2\/users\/2"}],"replies":[{"embeddable":true,"href":"https:\/\/vilama.com.ar\/web\/wp-json\/wp\/v2\/comments?post=2899"}],"version-history":[{"count":3,"href":"https:\/\/vilama.com.ar\/web\/wp-json\/wp\/v2\/pages\/2899\/revisions"}],"predecessor-version":[{"id":2990,"href":"https:\/\/vilama.com.ar\/web\/wp-json\/wp\/v2\/pages\/2899\/revisions\/2990"}],"wp:attachment":[{"href":"https:\/\/vilama.com.ar\/web\/wp-json\/wp\/v2\/media?parent=2899"}],"curies":[{"name":"wp","href":"https:\/\/api.w.org\/{rel}","templated":true}]}}